{"id":34,"date":"2012-05-22T20:45:12","date_gmt":"2012-05-22T20:45:12","guid":{"rendered":"http:\/\/aliquando.id-3.net\/?page_id=34"},"modified":"2021-06-09T15:47:14","modified_gmt":"2021-06-09T19:47:14","slug":"nous-contacter","status":"publish","type":"page","link":"https:\/\/solenerobitaille.com\/en\/nous-contacter\/","title":{"rendered":"Contact us"},"content":{"rendered":"<p>&nbsp;<\/p>\n","protected":false},"excerpt":{"rendered":"<p>&nbsp;<\/p>\n","protected":false},"author":1,"featured_media":0,"parent":0,"menu_order":50,"comment_status":"open","ping_status":"closed","template":"t_contact.php","meta":{"_acf_changed":false,"footnotes":""},"class_list":["post-34","page","type-page","status-publish","hentry"],"acf":[],"yoast_head":"<!-- This site is optimized with the Yoast SEO plugin v26.7 - https:\/\/yoast.com\/wordpress\/plugins\/seo\/ -->\n<title>Contact us - Sol\u00e8ne Robitaille Team - REMAX Professionnel L.S.<\/title>\n<meta name=\"description\" content=\"Courtier immobilier Mont\u00e9r\u00e9gie | Sol\u00e8ne Robitaille, \u00c9lise Toussaint et Marie-Eve Senneville Pour joindre Sol\u00e8ne Robitaille, \u00c9lise Toussaint et Marie-Eve Senneville au bureau, voici leurs coordonn\u00e9es : 117 Boulevard de Bromon Bromont, QC J2L 2K7 T\u00e9l\u00e9phone : 450-534-3631 .\" \/>\n<meta name=\"robots\" content=\"index, follow, max-snippet:-1, max-image-preview:large, max-video-preview:-1\" \/>\n<link rel=\"canonical\" href=\"https:\/\/solenerobitaille.com\/nous-contacter\/\" \/>\n<meta property=\"og:locale\" content=\"en_US\" \/>\n<meta property=\"og:type\" content=\"article\" \/>\n<meta property=\"og:title\" content=\"Contact us - Sol\u00e8ne Robitaille Team - REMAX Professionnel L.S.\" \/>\n<meta property=\"og:description\" content=\"Courtier immobilier Mont\u00e9r\u00e9gie | Sol\u00e8ne Robitaille, \u00c9lise Toussaint et Marie-Eve Senneville Pour joindre Sol\u00e8ne Robitaille, \u00c9lise Toussaint et Marie-Eve Senneville au bureau, voici leurs coordonn\u00e9es : 117 Boulevard de Bromon Bromont, QC J2L 2K7 T\u00e9l\u00e9phone : 450-534-3631 .\" \/>\n<meta property=\"og:url\" content=\"https:\/\/solenerobitaille.com\/nous-contacter\/\" \/>\n<meta property=\"og:site_name\" content=\"Sol\u00e8ne Robitaille Team - REMAX Professionnel L.S.\" \/>\n<meta property=\"article:publisher\" content=\"https:\/\/www.facebook.com\/robitailletardif\" \/>\n<meta property=\"article:modified_time\" content=\"2021-06-09T19:47:14+00:00\" \/>\n<meta property=\"og:image\" content=\"https:\/\/solenerobitaille.com\/files\/2024\/03\/header_kamelo_2021.jpg\" \/>\n<meta name=\"twitter:card\" content=\"summary_large_image\" \/>\n<meta name=\"twitter:image\" content=\"https:\/\/solenerobitaille.com\/files\/2024\/03\/header_kamelo_2021.jpg\" \/>\n<meta name=\"twitter:site\" content=\"@SoleneRobitail1\" \/>\n<script type=\"application\/ld+json\" class=\"yoast-schema-graph\">{\"@context\":\"https:\/\/schema.org\",\"@graph\":[{\"@type\":\"WebPage\",\"@id\":\"https:\/\/solenerobitaille.com\/nous-contacter\/\",\"url\":\"https:\/\/solenerobitaille.com\/nous-contacter\/\",\"name\":\"[:fr]Nous contacter[:en]Contact us[:] - Sol\u00e8ne Robitaille Team - REMAX Professionnel L.S.\",\"isPartOf\":{\"@id\":\"https:\/\/solenerobitaille.com\/#website\"},\"datePublished\":\"2012-05-22T20:45:12+00:00\",\"dateModified\":\"2021-06-09T19:47:14+00:00\",\"description\":\"Courtier immobilier Mont\u00e9r\u00e9gie | Sol\u00e8ne Robitaille, \u00c9lise Toussaint et Marie-Eve Senneville Pour joindre Sol\u00e8ne Robitaille, \u00c9lise Toussaint et Marie-Eve Senneville au bureau, voici leurs coordonn\u00e9es : 117 Boulevard de Bromon Bromont, QC J2L 2K7 T\u00e9l\u00e9phone : 450-534-3631 .\",\"breadcrumb\":{\"@id\":\"https:\/\/solenerobitaille.com\/nous-contacter\/#breadcrumb\"},\"inLanguage\":\"en-US\",\"potentialAction\":[{\"@type\":\"ReadAction\",\"target\":[\"https:\/\/solenerobitaille.com\/nous-contacter\/\"]}]},{\"@type\":\"BreadcrumbList\",\"@id\":\"https:\/\/solenerobitaille.com\/nous-contacter\/#breadcrumb\",\"itemListElement\":[{\"@type\":\"ListItem\",\"position\":1,\"name\":\"Accueil\",\"item\":\"https:\/\/solenerobitaille.com\/en\/\"},{\"@type\":\"ListItem\",\"position\":2,\"name\":\"Nous contacter\"}]},{\"@type\":\"WebSite\",\"@id\":\"https:\/\/solenerobitaille.com\/#website\",\"url\":\"https:\/\/solenerobitaille.com\/\",\"name\":\"Sol\u00e8ne Robitaille Team - REMAX Professionnel L.S.\",\"description\":\"Real Estate Brokers\",\"potentialAction\":[{\"@type\":\"SearchAction\",\"target\":{\"@type\":\"EntryPoint\",\"urlTemplate\":\"https:\/\/solenerobitaille.com\/?s={search_term_string}\"},\"query-input\":{\"@type\":\"PropertyValueSpecification\",\"valueRequired\":true,\"valueName\":\"search_term_string\"}}],\"inLanguage\":\"en-US\"}]}<\/script>\n<!-- \/ Yoast SEO plugin. -->","yoast_head_json":{"title":"Contact us - Sol\u00e8ne Robitaille Team - REMAX Professionnel L.S.","description":"Courtier immobilier Mont\u00e9r\u00e9gie | Sol\u00e8ne Robitaille, \u00c9lise Toussaint et Marie-Eve Senneville Pour joindre Sol\u00e8ne Robitaille, \u00c9lise Toussaint et Marie-Eve Senneville au bureau, voici leurs coordonn\u00e9es : 117 Boulevard de Bromon Bromont, QC J2L 2K7 T\u00e9l\u00e9phone : 450-534-3631 .","robots":{"index":"index","follow":"follow","max-snippet":"max-snippet:-1","max-image-preview":"max-image-preview:large","max-video-preview":"max-video-preview:-1"},"canonical":"https:\/\/solenerobitaille.com\/nous-contacter\/","og_locale":"en_US","og_type":"article","og_title":"Contact us - Sol\u00e8ne Robitaille Team - REMAX Professionnel L.S.","og_description":"Courtier immobilier Mont\u00e9r\u00e9gie | Sol\u00e8ne Robitaille, \u00c9lise Toussaint et Marie-Eve Senneville Pour joindre Sol\u00e8ne Robitaille, \u00c9lise Toussaint et Marie-Eve Senneville au bureau, voici leurs coordonn\u00e9es : 117 Boulevard de Bromon Bromont, QC J2L 2K7 T\u00e9l\u00e9phone : 450-534-3631 .","og_url":"https:\/\/solenerobitaille.com\/nous-contacter\/","og_site_name":"Sol\u00e8ne Robitaille Team - REMAX Professionnel L.S.","article_publisher":"https:\/\/www.facebook.com\/robitailletardif","article_modified_time":"2021-06-09T19:47:14+00:00","og_image":[{"url":"https:\/\/solenerobitaille.com\/files\/2024\/03\/header_kamelo_2021.jpg","type":"","width":"","height":""}],"twitter_card":"summary_large_image","twitter_image":"https:\/\/solenerobitaille.com\/files\/2024\/03\/header_kamelo_2021.jpg","twitter_site":"@SoleneRobitail1","schema":{"@context":"https:\/\/schema.org","@graph":[{"@type":"WebPage","@id":"https:\/\/solenerobitaille.com\/nous-contacter\/","url":"https:\/\/solenerobitaille.com\/nous-contacter\/","name":"[:fr]Nous contacter[:en]Contact us[:] - Sol\u00e8ne Robitaille Team - REMAX Professionnel L.S.","isPartOf":{"@id":"https:\/\/solenerobitaille.com\/#website"},"datePublished":"2012-05-22T20:45:12+00:00","dateModified":"2021-06-09T19:47:14+00:00","description":"Courtier immobilier Mont\u00e9r\u00e9gie | Sol\u00e8ne Robitaille, \u00c9lise Toussaint et Marie-Eve Senneville Pour joindre Sol\u00e8ne Robitaille, \u00c9lise Toussaint et Marie-Eve Senneville au bureau, voici leurs coordonn\u00e9es : 117 Boulevard de Bromon Bromont, QC J2L 2K7 T\u00e9l\u00e9phone : 450-534-3631 .","breadcrumb":{"@id":"https:\/\/solenerobitaille.com\/nous-contacter\/#breadcrumb"},"inLanguage":"en-US","potentialAction":[{"@type":"ReadAction","target":["https:\/\/solenerobitaille.com\/nous-contacter\/"]}]},{"@type":"BreadcrumbList","@id":"https:\/\/solenerobitaille.com\/nous-contacter\/#breadcrumb","itemListElement":[{"@type":"ListItem","position":1,"name":"Accueil","item":"https:\/\/solenerobitaille.com\/en\/"},{"@type":"ListItem","position":2,"name":"Nous contacter"}]},{"@type":"WebSite","@id":"https:\/\/solenerobitaille.com\/#website","url":"https:\/\/solenerobitaille.com\/","name":"Sol\u00e8ne Robitaille Team - REMAX Professionnel L.S.","description":"Real Estate Brokers","potentialAction":[{"@type":"SearchAction","target":{"@type":"EntryPoint","urlTemplate":"https:\/\/solenerobitaille.com\/?s={search_term_string}"},"query-input":{"@type":"PropertyValueSpecification","valueRequired":true,"valueName":"search_term_string"}}],"inLanguage":"en-US"}]}},"_links":{"self":[{"href":"https:\/\/solenerobitaille.com\/en\/wp-json\/wp\/v2\/pages\/34","targetHints":{"allow":["GET"]}}],"collection":[{"href":"https:\/\/solenerobitaille.com\/en\/wp-json\/wp\/v2\/pages"}],"about":[{"href":"https:\/\/solenerobitaille.com\/en\/wp-json\/wp\/v2\/types\/page"}],"author":[{"embeddable":true,"href":"https:\/\/solenerobitaille.com\/en\/wp-json\/wp\/v2\/users\/1"}],"replies":[{"embeddable":true,"href":"https:\/\/solenerobitaille.com\/en\/wp-json\/wp\/v2\/comments?post=34"}],"version-history":[{"count":3,"href":"https:\/\/solenerobitaille.com\/en\/wp-json\/wp\/v2\/pages\/34\/revisions"}],"predecessor-version":[{"id":495,"href":"https:\/\/solenerobitaille.com\/en\/wp-json\/wp\/v2\/pages\/34\/revisions\/495"}],"wp:attachment":[{"href":"https:\/\/solenerobitaille.com\/en\/wp-json\/wp\/v2\/media?parent=34"}],"curies":[{"name":"wp","href":"https:\/\/api.w.org\/{rel}","templated":true}]}}